{"id":2350,"date":"2025-12-12T17:08:10","date_gmt":"2025-12-12T16:08:10","guid":{"rendered":"https:\/\/delemont.adventiste.ch\/?page_id=2350"},"modified":"2025-12-12T17:20:49","modified_gmt":"2025-12-12T16:20:49","slug":"liens","status":"publish","type":"page","link":"https:\/\/delemont.adventiste.ch\/?page_id=2350","title":{"rendered":"Liens"},"content":{"rendered":"\n<p><strong>Site Suisse de l\u2019\u00c9glise Adventiste du 7<sup>\u00e8me<\/sup> jour<\/strong><\/p>\n\n\n\n<figure class=\"wp-block-embed is-type-wp-embed is-provider-adventiste-ch-une-glise-proche-durable-vivante wp-block-embed-adventiste-ch-une-glise-proche-durable-vivante\"><div class=\"wp-block-embed__wrapper\">\n<blockquote class=\"wp-embedded-content\" data-secret=\"q0rQJaQNJa\"><a href=\"https:\/\/adventiste.ch\/\">Accueil<\/a><\/blockquote><iframe loading=\"lazy\" class=\"wp-embedded-content\" sandbox=\"allow-scripts\" security=\"restricted\" style=\"position: absolute; visibility: hidden;\" title=\"\u00ab\u00a0Accueil\u00a0\u00bb &#8212; Adventiste.ch - Une \u00e9glise proche, durable, vivante\" src=\"https:\/\/adventiste.ch\/embed\/#?secret=opHSxu8gjv#?secret=q0rQJaQNJa\" data-secret=\"q0rQJaQNJa\" width=\"600\" height=\"338\" frameborder=\"0\" marginwidth=\"0\" marginheight=\"0\" scrolling=\"no\"><\/iframe>\n<\/div><\/figure>\n\n\n\n<p><strong>Site Espoir M\u00e9dias<\/strong><\/p>\n\n\n\n<p><a href=\"https:\/\/espoirmedias.ch\">https:\/\/espoirmedias.ch<\/a><\/p>\n\n\n\n<p><strong>Site de la librairie vie et sant\u00e9<\/strong><\/p>\n\n\n\n<p><a href=\"https:\/\/www.vie-sante.ch\">https:\/\/www.vie-sante.ch<\/a><\/p>\n\n\n\n<p><strong>Les \u00e9crits d\u2019Ellen White<\/strong><\/p>\n\n\n\n<p><a href=\"https:\/\/m.egwwritings.org\/fr\">https:\/\/m.egwwritings.org\/fr<\/a><\/p>\n","protected":false},"excerpt":{"rendered":"<p>Site Suisse de l\u2019\u00c9glise Adventiste du 7\u00e8me jour Site Espoir M\u00e9dias https:\/\/espoirmedias.ch Site de la librairie vie et sant\u00e9 https:\/\/www.vie-sante.ch Les \u00e9crits d\u2019Ellen White https:\/\/m.egwwritings.org\/fr<\/p>\n","protected":false},"author":4,"featured_media":0,"parent":0,"menu_order":0,"comment_status":"closed","ping_status":"closed","template":"","meta":{"footnotes":""},"class_list":["post-2350","page","type-page","status-publish","hentry","post"],"_links":{"self":[{"href":"https:\/\/delemont.adventiste.ch\/index.php?rest_route=\/wp\/v2\/pages\/2350","targetHints":{"allow":["GET"]}}],"collection":[{"href":"https:\/\/delemont.adventiste.ch\/index.php?rest_route=\/wp\/v2\/pages"}],"about":[{"href":"https:\/\/delemont.adventiste.ch\/index.php?rest_route=\/wp\/v2\/types\/page"}],"author":[{"embeddable":true,"href":"https:\/\/delemont.adventiste.ch\/index.php?rest_route=\/wp\/v2\/users\/4"}],"replies":[{"embeddable":true,"href":"https:\/\/delemont.adventiste.ch\/index.php?rest_route=%2Fwp%2Fv2%2Fcomments&post=2350"}],"version-history":[{"count":4,"href":"https:\/\/delemont.adventiste.ch\/index.php?rest_route=\/wp\/v2\/pages\/2350\/revisions"}],"predecessor-version":[{"id":2357,"href":"https:\/\/delemont.adventiste.ch\/index.php?rest_route=\/wp\/v2\/pages\/2350\/revisions\/2357"}],"wp:attachment":[{"href":"https:\/\/delemont.adventiste.ch\/index.php?rest_route=%2Fwp%2Fv2%2Fmedia&parent=2350"}],"curies":[{"name":"wp","href":"https:\/\/api.w.org\/{rel}","templated":true}]}}